{"id":108,"date":"2020-06-30T00:26:40","date_gmt":"2020-06-30T00:26:40","guid":{"rendered":"https:\/\/demosites.io\/pet-shop-gb\/?page_id=108"},"modified":"2025-09-08T09:21:26","modified_gmt":"2025-09-08T09:21:26","slug":"d09c8-about","status":"publish","type":"page","link":"https:\/\/wetkarma.pl\/index.php\/d09c8-about\/","title":{"rendered":"O nas"},"content":{"rendered":"\n<div id=\"wp-block-themeisle-blocks-advanced-columns-6d39dfb0\" class=\"wp-block-themeisle-blocks-advanced-columns alignfull has-1-columns has-desktop-equal-layout has-tablet-equal-layout has-mobile-equal-layout has-vertical-unset\"><div class=\"wp-block-themeisle-blocks-advanced-columns-overlay\"><\/div><div class=\"innerblocks-wrap\">\n<div id=\"wp-block-themeisle-blocks-advanced-column-d08a6c6d\" class=\"wp-block-themeisle-blocks-advanced-column\">\n<h1 class=\"wp-block-heading has-text-align-center has-nv-text-dark-bg-color has-text-color\">O nas<\/h1>\n\n\n\n<hr class=\"wp-block-separator has-text-color has-neve-link-color-color has-alpha-channel-opacity has-neve-link-color-background-color has-background is-style-wide\"\/>\n<\/div>\n<\/div><\/div>\n\n\n\n<div id=\"wp-block-themeisle-blocks-advanced-columns-aac5f012\" class=\"wp-block-themeisle-blocks-advanced-columns alignfull has-2-columns has-desktop-oneTwo-layout has-tablet-equal-layout has-mobile-collapsedRows-layout has-vertical-unset has-light-bg\"><div class=\"wp-block-themeisle-blocks-advanced-columns-overlay\"><\/div><div class=\"innerblocks-wrap\">\n<div id=\"wp-block-themeisle-blocks-advanced-column-c775aa31\" class=\"wp-block-themeisle-blocks-advanced-column\">\n<h2 class=\"wp-block-heading\">Nasza firma<\/h2>\n\n\n\n<div style=\"height:30px\" aria-hidden=\"true\" class=\"wp-block-spacer\"><\/div>\n\n\n\n<p id=\"wp-block-themeisle-blocks-advanced-heading-5e92b692\" class=\"wp-block-themeisle-blocks-advanced-heading wp-block-themeisle-blocks-advanced-heading-5e92b692\">Kochamy zwierz\u0119ta, dlatego stworzyli\u015bmy sklep, kt\u00f3ry umo\u017cliwia Ci zakup produkt\u00f3w najwy\u017cszej jako\u015bci dla Twoich ma\u0142ych przyjaci\u00f3\u0142.<\/p>\n<\/div>\n\n\n\n<div id=\"wp-block-themeisle-blocks-advanced-column-1c81d4f1\" class=\"wp-block-themeisle-blocks-advanced-column\"><\/div>\n<\/div><\/div>\n\n\n\n<div id=\"wp-block-themeisle-blocks-advanced-columns-0dd32b1f\" class=\"wp-block-themeisle-blocks-advanced-columns alignfull has-2-columns has-desktop-oneTwo-layout has-tablet-equal-layout has-mobile-collapsedRows-layout has-vertical-unset\"><div class=\"wp-block-themeisle-blocks-advanced-columns-overlay\"><\/div><div class=\"innerblocks-wrap\">\n<div id=\"wp-block-themeisle-blocks-advanced-column-b87f0665\" class=\"wp-block-themeisle-blocks-advanced-column\">\n<div id=\"wp-block-themeisle-blocks-advanced-columns-30b38721\" class=\"wp-block-themeisle-blocks-advanced-columns has-2-columns has-desktop-equal-layout has-tablet-equal-layout has-mobile-collapsedRows-layout has-vertical-unset\"><div class=\"wp-block-themeisle-blocks-advanced-columns-overlay\"><\/div><div class=\"innerblocks-wrap\">\n<div id=\"wp-block-themeisle-blocks-advanced-column-785827e4\" class=\"wp-block-themeisle-blocks-advanced-column\">\n<figure class=\"wp-block-image size-large\"><img decoding=\"async\" src=\"https:\/\/wetkarma.pl\/wp-content\/uploads\/2020\/04\/neve-pet-shop-25.jpg\" alt=\"\" class=\"wp-image-55\"\/><\/figure>\n<\/div>\n\n\n\n<div id=\"wp-block-themeisle-blocks-advanced-column-0fd5cc39\" class=\"wp-block-themeisle-blocks-advanced-column\">\n<figure class=\"wp-block-image size-large\"><img decoding=\"async\" src=\"https:\/\/wetkarma.pl\/wp-content\/uploads\/2020\/04\/neve-pet-shop-23.jpg\" alt=\"\" class=\"wp-image-47\"\/><\/figure>\n<\/div>\n<\/div><\/div>\n<\/div>\n\n\n\n<div id=\"wp-block-themeisle-blocks-advanced-column-db69c55e\" class=\"wp-block-themeisle-blocks-advanced-column\">\n<div id=\"wp-block-themeisle-blocks-advanced-columns-24921e6c\" class=\"wp-block-themeisle-blocks-advanced-columns has-3-columns has-desktop-equal-layout has-tablet-equal-layout has-mobile-collapsedRows-layout has-vertical-unset\"><div class=\"wp-block-themeisle-blocks-advanced-columns-overlay\"><\/div><div class=\"innerblocks-wrap\">\n<div id=\"wp-block-themeisle-blocks-advanced-column-2be5e90e\" class=\"wp-block-themeisle-blocks-advanced-column\">\n<figure class=\"wp-block-image size-large\"><img decoding=\"async\" src=\"https:\/\/wetkarma.pl\/wp-content\/uploads\/2020\/04\/neve-pet-shop-19.jpg\" alt=\"\" class=\"wp-image-58\"\/><\/figure>\n<\/div>\n\n\n\n<div id=\"wp-block-themeisle-blocks-advanced-column-feb003ae\" class=\"wp-block-themeisle-blocks-advanced-column\">\n<figure class=\"wp-block-image size-large\"><img decoding=\"async\" src=\"https:\/\/wetkarma.pl\/wp-content\/uploads\/2020\/04\/neve-pet-shop-24.jpg\" alt=\"\" class=\"wp-image-48\"\/><\/figure>\n<\/div>\n\n\n\n<div id=\"wp-block-themeisle-blocks-advanced-column-1b3c3f8e\" class=\"wp-block-themeisle-blocks-advanced-column\">\n<figure class=\"wp-block-image size-large\"><img decoding=\"async\" src=\"https:\/\/wetkarma.pl\/wp-content\/uploads\/2020\/04\/neve-pet-shop-11.jpg\" alt=\"\" class=\"wp-image-38\"\/><\/figure>\n<\/div>\n<\/div><\/div>\n<\/div>\n<\/div><\/div>\n\n\n\n<div id=\"wp-block-themeisle-blocks-advanced-columns-0ab5d83a\" class=\"wp-block-themeisle-blocks-advanced-columns alignfull has-1-columns has-desktop-equal-layout has-tablet-equal-layout has-mobile-equal-layout has-vertical-unset has-dark-bg\"><div class=\"wp-block-themeisle-blocks-advanced-columns-overlay\"><\/div><div class=\"innerblocks-wrap\">\n<div id=\"wp-block-themeisle-blocks-advanced-column-d6f07f31\" class=\"wp-block-themeisle-blocks-advanced-column\">\n<h2 class=\"wp-block-heading has-text-align-center has-nv-text-dark-bg-color has-text-color\">Najcz\u0119\u015bciej zadawane pytania<\/h2>\n\n\n\n<hr class=\"wp-block-separator has-text-color has-neve-button-color-color has-css-opacity has-neve-button-color-background-color has-background\"\/>\n\n\n\n<div id=\"wp-block-themeisle-blocks-accordion-0b5e904d\" class=\"wp-block-themeisle-blocks-accordion exclusive has-gap has-dark-title-bg\">\n<details class=\"wp-block-themeisle-blocks-accordion-item\"><summary class=\"wp-block-themeisle-blocks-accordion-item__title\"><div>Czy\u00a0oferujecie\u00a0wysy\u0142k\u0119\u00a0na\u00a0terenie\u00a0ca\u0142ego\u00a0kraju?<\/div><\/summary><div class=\"wp-block-themeisle-blocks-accordion-item__content\">\n<p>To jest przyk\u0142adowa zawarto\u015b\u0107 zak\u0142adki. Wa\u017cne jest, aby umie\u015bci\u0107 w tym bloku niezb\u0119dne informacje, jednak na tym etapie jest to jedynie tymczasowy element, kt\u00f3ry ma pom\u00f3c Ci zobaczy\u0107, jak tre\u015b\u0107 b\u0119dzie prezentowana. \u015amia\u0142o edytuj go, dodaj\u0105c w\u0142a\u015bciw\u0105 zawarto\u015b\u0107.<\/p>\n<\/div><\/details>\n\n\n\n<details class=\"wp-block-themeisle-blocks-accordion-item\"><summary class=\"wp-block-themeisle-blocks-accordion-item__title\"><div>Czy istniej\u0105 certyfikaty dla organicznej karmy dla zwierz\u0105t?<\/div><\/summary><div class=\"wp-block-themeisle-blocks-accordion-item__content\">\n<p>To jest przyk\u0142adowa zawarto\u015b\u0107 zak\u0142adki. Wa\u017cne jest, aby umie\u015bci\u0107 w tym bloku niezb\u0119dne informacje, jednak na tym etapie jest to jedynie tymczasowy element, kt\u00f3ry ma pom\u00f3c Ci zobaczy\u0107, jak tre\u015b\u0107 b\u0119dzie prezentowana. \u015amia\u0142o edytuj go, dodaj\u0105c w\u0142a\u015bciw\u0105 zawarto\u015b\u0107.<\/p>\n<\/div><\/details>\n\n\n\n<details class=\"wp-block-themeisle-blocks-accordion-item\"><summary class=\"wp-block-themeisle-blocks-accordion-item__title\"><div>Jak dostarczacie meble?<\/div><\/summary><div class=\"wp-block-themeisle-blocks-accordion-item__content\">\n<p>To jest przyk\u0142adowa zawarto\u015b\u0107 zak\u0142adki. Wa\u017cne jest, aby umie\u015bci\u0107 w tym bloku niezb\u0119dne informacje, jednak na tym etapie jest to jedynie tymczasowy element, kt\u00f3ry ma pom\u00f3c Ci zobaczy\u0107, jak tre\u015b\u0107 b\u0119dzie prezentowana. \u015amia\u0142o edytuj go, dodaj\u0105c w\u0142a\u015bciw\u0105 zawarto\u015b\u0107.<\/p>\n<\/div><\/details>\n<\/div>\n<\/div>\n<\/div><\/div>\n\n\n\n<div id=\"wp-block-themeisle-blocks-advanced-columns-ab114888\" class=\"wp-block-themeisle-blocks-advanced-columns alignfull has-3-columns has-desktop-equal-layout has-tablet-equal-layout has-mobile-collapsedRows-layout has-vertical-unset has-light-bg\"><div class=\"wp-block-themeisle-blocks-advanced-columns-overlay\"><\/div><div class=\"innerblocks-wrap\">\n<div id=\"wp-block-themeisle-blocks-advanced-column-76cf25ee\" class=\"wp-block-themeisle-blocks-advanced-column has-light-bg\">\n<div class=\"wp-block-themeisle-blocks-service\">\n<div id=\"wp-block-themeisle-blocks-font-awesome-icons-bc6879e6\" class=\"wp-block-themeisle-blocks-font-awesome-icons\"><span class=\"wp-block-themeisle-blocks-font-awesome-icons-container\"><i class=\"fas fa-paw\"><\/i><\/span><\/div>\n\n\n\n<h3 id=\"wp-block-themeisle-blocks-advanced-heading-9559c5d1\" class=\"wp-block-themeisle-blocks-advanced-heading wp-block-themeisle-blocks-advanced-heading-9559c5d1\">Tylko najwy\u017csza jako\u015b\u0107<\/h3>\n\n\n\n<p class=\"has-text-align-center\">Wsp\u00f3\u0142pracujemy z najlepszymi dostawcami<\/p>\n<\/div>\n<\/div>\n\n\n\n<div id=\"wp-block-themeisle-blocks-advanced-column-e4703d6c\" class=\"wp-block-themeisle-blocks-advanced-column has-light-bg\">\n<div id=\"wp-block-themeisle-blocks-font-awesome-icons-8d7704f6\" class=\"wp-block-themeisle-blocks-font-awesome-icons\"><span class=\"wp-block-themeisle-blocks-font-awesome-icons-container\"><i class=\"fas fa-shipping-fast\"><\/i><\/span><\/div>\n\n\n\n<h3 id=\"wp-block-themeisle-blocks-advanced-heading-54335e2c\" class=\"wp-block-themeisle-blocks-advanced-heading wp-block-themeisle-blocks-advanced-heading-54335e2c\">Darmowa dostawa<\/h3>\n\n\n\n<p class=\"has-text-align-center\">Darmowa dostawa wszystkich produkt\u00f3w ju\u017c od 100 z\u0142<\/p>\n<\/div>\n\n\n\n<div id=\"wp-block-themeisle-blocks-advanced-column-2d0eeda8\" class=\"wp-block-themeisle-blocks-advanced-column has-light-bg\">\n<div id=\"wp-block-themeisle-blocks-font-awesome-icons-662e3790\" class=\"wp-block-themeisle-blocks-font-awesome-icons\"><span class=\"wp-block-themeisle-blocks-font-awesome-icons-container\"><i class=\"fas fa-money-check-alt\"><\/i><\/span><\/div>\n\n\n\n<h3 id=\"wp-block-themeisle-blocks-advanced-heading-9f7c0b44\" class=\"wp-block-themeisle-blocks-advanced-heading wp-block-themeisle-blocks-advanced-heading-9f7c0b44\">Bezpieczne p\u0142atno\u015bci<\/h3>\n\n\n\n<p class=\"has-text-align-center\">Transakcje obs\u0142ugiwane s\u0105 przez bezpieczne p\u0142atno\u015bci<\/p>\n<\/div>\n<\/div><\/div>\n","protected":false},"excerpt":{"rendered":"","protected":false},"author":1,"featured_media":0,"parent":0,"menu_order":0,"comment_status":"closed","ping_status":"closed","template":"","meta":{"zakra_sidebar_layout":"customizer","zakra_remove_content_margin":false,"zakra_sidebar":"customizer","zakra_transparent_header":"customizer","zakra_logo":0,"zakra_main_header_style":"default","zakra_menu_item_color":"","zakra_menu_item_hover_color":"","zakra_menu_item_active_color":"","zakra_menu_active_style":"","zakra_page_header":true,"_eb_attr":"","_themeisle_gutenberg_block_has_review":false,"footnotes":""},"class_list":["post-108","page","type-page","status-publish","hentry"],"_links":{"self":[{"href":"https:\/\/wetkarma.pl\/index.php\/wp-json\/wp\/v2\/pages\/108","targetHints":{"allow":["GET"]}}],"collection":[{"href":"https:\/\/wetkarma.pl\/index.php\/wp-json\/wp\/v2\/pages"}],"about":[{"href":"https:\/\/wetkarma.pl\/index.php\/wp-json\/wp\/v2\/types\/page"}],"author":[{"embeddable":true,"href":"https:\/\/wetkarma.pl\/index.php\/wp-json\/wp\/v2\/users\/1"}],"replies":[{"embeddable":true,"href":"https:\/\/wetkarma.pl\/index.php\/wp-json\/wp\/v2\/comments?post=108"}],"version-history":[{"count":3,"href":"https:\/\/wetkarma.pl\/index.php\/wp-json\/wp\/v2\/pages\/108\/revisions"}],"predecessor-version":[{"id":268,"href":"https:\/\/wetkarma.pl\/index.php\/wp-json\/wp\/v2\/pages\/108\/revisions\/268"}],"wp:attachment":[{"href":"https:\/\/wetkarma.pl\/index.php\/wp-json\/wp\/v2\/media?parent=108"}],"curies":[{"name":"wp","href":"https:\/\/api.w.org\/{rel}","templated":true}]}}